{"id":36,"date":"2025-10-06T16:15:30","date_gmt":"2025-10-06T16:15:30","guid":{"rendered":"https:\/\/www.ventadecuartosfrios.com\/about-us\/"},"modified":"2025-10-06T16:33:52","modified_gmt":"2025-10-06T16:33:52","slug":"about-us","status":"publish","type":"page","link":"https:\/\/www.ventadecuartosfrios.com\/?page_id=36","title":{"rendered":"Nosotros"},"content":{"rendered":"\n\n\n\n\n<h4>Acerca de Nosotros<\/h4>\n\n\n\n<h2>Conozca m\u00e1s sobre Cuartos Frios<\/h2>\n\n\n\n\n\n<p>M\u00e1s informaci\u00f3n sobre nuestra empresa y misi\u00f3n<\/p>\n\n\n\n\n\n\n\n<p>En Cuartos Frios, nuestra misi\u00f3n es proporcionar soluciones de refrigeraci\u00f3n que se adapten a las necesidades de nuestros clientes, garantizando calidad y eficiencia en cada proyecto.<\/p>\n\n\n\n\n\n\n\n<p>Reuni\u00f3n inicial para comprender tus requisitos y expectativas.<\/p>\n\n\n\n\n\n\n\n<p>Creaci\u00f3n del dise\u00f1o final y revisi\u00f3n contigo antes de proceder al siguiente paso.<\/p>\n\n\n\n\n\n\n\n\n\n\n\n\n\n\n\n\n\n\n\n\n\n<h2>Servicios<\/h2>\n\n\n\n\n\n<p>Descubre nuestra variedad de servicios dise\u00f1ados para optimizar la conservaci\u00f3n y refrigeraci\u00f3n de productos en diversas industrias<\/p>\n\n\n\n\n\n\n\n\n\n\n\n\n\n<h2>Nuestro Portafolio<\/h2>\n\n\n\n\n\n<p>Explora nuestros proyectos anteriores y la variedad de soluciones que ofrecemos.<\/p>\n\n\n\n\n\n\n\n\n<p>Proyecto de Supermercado<\/p>\n\n\n\n<p>Proyecto de Restaurante<\/p>\n\n\n\n<p>Proyecto de Laboratorio<\/p>\n\n\n\n<p>Proyecto de Florer\u00eda<\/p>\n\n\n\n<p>Proyecto de Procesadora de Alimentos<\/p>\n\n\n\n<p>Proyecto Log\u00edstico<\/p>\n\n\n\n\n\n\n\n<p>Eficiencia Energ\u00e9tica<\/p>\n\n\n\n<p>Componentes Certificados<\/p>\n\n\n\n<p>Instalaci\u00f3n R\u00e1pida<\/p>\n\n\n\n<p>Soporte Postventa<\/p>\n\n\n\n<p>Soluciones a Medida<\/p>\n\n\n\n<p>Alta Calidad en Materiales<\/p>\n\n\n\n\n\n\n\n<p>Venta de Cuartos Fr\u00edos<\/p>\n\n\n\n<p>Instalaci\u00f3n Personalizada<\/p>\n\n\n\n<p>Mantenimiento y Soporte<\/p>\n\n\n\n<p>Consultor\u00eda Especializada<\/p>\n\n\n\n<p>Sistemas de Refrigeraci\u00f3n Ecol\u00f3gicos<\/p>\n\n\n\n<p>Soluciones para la Industria<\/p>\n\n\n\n\n\n\n\n<p>Incluye instalaci\u00f3n b\u00e1sica y asesor\u00eda personalizada.<\/p>\n\n\n\n<p>Mantenimiento peri\u00f3dico incluido para asegurar el rendimiento.<\/p>\n\n\n\n<p>Soporte t\u00e9cnico 24\/7 para resolver cualquier inconveniente.<\/p>\n\n\n\n<p>Actualizaciones tecnol\u00f3gicas gratuitas durante el primer a\u00f1o.<\/p>\n\n\n\n<p>Capacitaci\u00f3n para su personal sobre el uso adecuado del equipo.<\/p>\n\n\n\n<p>Garant\u00eda de 2 a\u00f1os en todos nuestros productos.<\/p>\n\n\n\n","protected":false},"excerpt":{"rendered":"","protected":false},"author":1,"featured_media":0,"parent":0,"menu_order":0,"comment_status":"closed","ping_status":"closed","template":"","meta":{"om_disable_all_campaigns":false,"pagelayer_contact_templates":[],"_pagelayer_content":"","_monsterinsights_skip_tracking":false,"_monsterinsights_sitenote_active":false,"_monsterinsights_sitenote_note":"","_monsterinsights_sitenote_category":0,"footnotes":""},"class_list":["post-36","page","type-page","status-publish","hentry"],"aioseo_notices":[],"_links":{"self":[{"href":"https:\/\/www.ventadecuartosfrios.com\/index.php?rest_route=\/wp\/v2\/pages\/36","targetHints":{"allow":["GET"]}}],"collection":[{"href":"https:\/\/www.ventadecuartosfrios.com\/index.php?rest_route=\/wp\/v2\/pages"}],"about":[{"href":"https:\/\/www.ventadecuartosfrios.com\/index.php?rest_route=\/wp\/v2\/types\/page"}],"author":[{"embeddable":true,"href":"https:\/\/www.ventadecuartosfrios.com\/index.php?rest_route=\/wp\/v2\/users\/1"}],"replies":[{"embeddable":true,"href":"https:\/\/www.ventadecuartosfrios.com\/index.php?rest_route=%2Fwp%2Fv2%2Fcomments&post=36"}],"version-history":[{"count":2,"href":"https:\/\/www.ventadecuartosfrios.com\/index.php?rest_route=\/wp\/v2\/pages\/36\/revisions"}],"predecessor-version":[{"id":56,"href":"https:\/\/www.ventadecuartosfrios.com\/index.php?rest_route=\/wp\/v2\/pages\/36\/revisions\/56"}],"wp:attachment":[{"href":"https:\/\/www.ventadecuartosfrios.com\/index.php?rest_route=%2Fwp%2Fv2%2Fmedia&parent=36"}],"curies":[{"name":"wp","href":"https:\/\/api.w.org\/{rel}","templated":true}]}}