{"id":40,"date":"2025-10-06T16:15:32","date_gmt":"2025-10-06T16:15:32","guid":{"rendered":"https:\/\/www.ventadecuartosfrios.com\/events\/"},"modified":"2025-10-09T13:54:03","modified_gmt":"2025-10-09T18:54:03","slug":"events","status":"publish","type":"page","link":"https:\/\/www.ventadecuartosfrios.com\/?page_id=40","title":{"rendered":"Eventos"},"content":{"rendered":"\n\n\n\n\n<kbd>Productos y servicios<\/kbd>\n\n\n\n<h2>Servicios<\/h2>\n\n\n\n\n\n<p>Descubre nuestra variedad de servicios dise\u00f1ados para optimizar la conservaci\u00f3n y refrigeraci\u00f3n de productos en diversas industrias<br><\/p>\n\n\n\n\n\n\n\n<p>Ofrecemos cuartos fr\u00edos nuevos, fabricados con tecnolog\u00eda avanzada para asegurar un rendimiento superior.<\/p>\n\n\n\n\n\n<p> Nuestros expertos garantizan una instalaci\u00f3n adecuada, adaptada a las necesidades espec\u00edficas de cada cliente.<\/p>\n\n\n\n\n\n<p> Brindamos servicios de mantenimiento para asegurar el \u00f3ptimo funcionamiento de sus instalaciones de refrigeraci\u00f3n.<\/p>\n\n\n\n\n\n\n\n\n\n\n\n\n\n\n\n\n\n\n\n\n\n\n\n\n\n\n\n\n\n\n\n\n\n<kbd>somos fabricantes<\/kbd>\n\n\n\n<h2>Aprovecha tu descuento antes que se acabe el tiempo<\/h2>\n\n\n\n\n\n\n\n\n","protected":false},"excerpt":{"rendered":"","protected":false},"author":1,"featured_media":0,"parent":0,"menu_order":0,"comment_status":"closed","ping_status":"closed","template":"","meta":{"om_disable_all_campaigns":false,"pagelayer_contact_templates":[],"_pagelayer_content":"","_monsterinsights_skip_tracking":false,"_monsterinsights_sitenote_active":false,"_monsterinsights_sitenote_note":"","_monsterinsights_sitenote_category":0,"footnotes":""},"class_list":["post-40","page","type-page","status-publish","hentry"],"aioseo_notices":[],"_links":{"self":[{"href":"https:\/\/www.ventadecuartosfrios.com\/index.php?rest_route=\/wp\/v2\/pages\/40","targetHints":{"allow":["GET"]}}],"collection":[{"href":"https:\/\/www.ventadecuartosfrios.com\/index.php?rest_route=\/wp\/v2\/pages"}],"about":[{"href":"https:\/\/www.ventadecuartosfrios.com\/index.php?rest_route=\/wp\/v2\/types\/page"}],"author":[{"embeddable":true,"href":"https:\/\/www.ventadecuartosfrios.com\/index.php?rest_route=\/wp\/v2\/users\/1"}],"replies":[{"embeddable":true,"href":"https:\/\/www.ventadecuartosfrios.com\/index.php?rest_route=%2Fwp%2Fv2%2Fcomments&post=40"}],"version-history":[{"count":1,"href":"https:\/\/www.ventadecuartosfrios.com\/index.php?rest_route=\/wp\/v2\/pages\/40\/revisions"}],"predecessor-version":[{"id":76,"href":"https:\/\/www.ventadecuartosfrios.com\/index.php?rest_route=\/wp\/v2\/pages\/40\/revisions\/76"}],"wp:attachment":[{"href":"https:\/\/www.ventadecuartosfrios.com\/index.php?rest_route=%2Fwp%2Fv2%2Fmedia&parent=40"}],"curies":[{"name":"wp","href":"https:\/\/api.w.org\/{rel}","templated":true}]}}